{"id":80,"date":"2011-10-11T07:38:43","date_gmt":"2011-10-11T07:38:43","guid":{"rendered":"http:\/\/www.dodo.no\/?page_id=80"},"modified":"2011-11-30T08:36:18","modified_gmt":"2011-11-30T07:36:18","slug":"dodo","status":"publish","type":"page","link":"https:\/\/www.dodo.no\/?page_id=80","title":{"rendered":"Regnskap"},"content":{"rendered":"<p>Regnskap oppleves som en plikt og kostbar belastning for mange. Myndigheter bruker lovgivning<br \/>\ntil \u00e5 p\u00e5legge bedrifter og n\u00e6ringsdrivende \u00e5 f\u00f8re oversikt over sin \u00f8konomi, ikke minst av hensyn til<br \/>\nskatter og avgifter.<\/p>\n<p>Mange ser at dagens elektroniske regnskap er gode styringsverkt\u00f8y b\u00e5de for overordnet og for mer<br \/>\ndetaljert oppf\u00f8lging. Dodo as har lenge tilbudt regnskapssystemet Lodo, der det enkelte foretak har<br \/>\nkunnet bidra aktivt selv til registreringen av bilag, og der man har f\u00e5tt l\u00f8pende tilgang til bokf\u00f8ringen.<br \/>\nDette systemet kommer n\u00e5 i sterkt forbedret utgave under navnet Dodo, og det skal tas i bruk for for<br \/>\nkommende \u00e5r.<\/p>\n<p>I Dodo har man innsett at fakturaen er et n\u00f8kkeldokument som brukes b\u00e5de i utsteders og i<br \/>\nmottakers regnskap; det er p\u00e5 en m\u00e5te en melding fra et regnskap til et annet. For begge parter<br \/>\nskal det knyttes til deres pengeh\u00e5ndteringsprosesser; alt dette skaper i dag mange minutters<br \/>\nsporingsarbeid for hver faktura hos begge parter. En bedrift som bruker fem minutter p\u00e5 hver<br \/>\nfaktura, vil bruke et \u00e5rsverk til dette for hver tyve tusen faktura.<\/p>\n<p><a href=\"http:\/\/www.fakturabank.no\" title=\"fakturaBank\">Fakturabank<\/a> er svaret p\u00e5 denne utfordringen. <\/p>\n","protected":false},"excerpt":{"rendered":"<p>Regnskap oppleves som en plikt og kostbar belastning for mange. Myndigheter bruker lovgivning til \u00e5 p\u00e5legge bedrifter og n\u00e6ringsdrivende \u00e5 f\u00f8re oversikt over sin \u00f8konomi, ikke minst av hensyn til skatter og avgifter. Mange ser at dagens elektroniske regnskap er gode styringsverkt\u00f8y b\u00e5de for overordnet og for mer detaljert oppf\u00f8lging. Dodo as har lenge tilbudt&#8230;<\/p>\n","protected":false},"author":1,"featured_media":0,"parent":0,"menu_order":0,"comment_status":"closed","ping_status":"open","template":"","meta":[],"_links":{"self":[{"href":"https:\/\/www.dodo.no\/index.php?rest_route=\/wp\/v2\/pages\/80"}],"collection":[{"href":"https:\/\/www.dodo.no\/index.php?rest_route=\/wp\/v2\/pages"}],"about":[{"href":"https:\/\/www.dodo.no\/index.php?rest_route=\/wp\/v2\/types\/page"}],"author":[{"embeddable":true,"href":"https:\/\/www.dodo.no\/index.php?rest_route=\/wp\/v2\/users\/1"}],"replies":[{"embeddable":true,"href":"https:\/\/www.dodo.no\/index.php?rest_route=%2Fwp%2Fv2%2Fcomments&post=80"}],"version-history":[{"count":9,"href":"https:\/\/www.dodo.no\/index.php?rest_route=\/wp\/v2\/pages\/80\/revisions"}],"predecessor-version":[{"id":176,"href":"https:\/\/www.dodo.no\/index.php?rest_route=\/wp\/v2\/pages\/80\/revisions\/176"}],"wp:attachment":[{"href":"https:\/\/www.dodo.no\/index.php?rest_route=%2Fwp%2Fv2%2Fmedia&parent=80"}],"curies":[{"name":"wp","href":"https:\/\/api.w.org\/{rel}","templated":true}]}}