{"id":88,"date":"2011-10-11T07:41:49","date_gmt":"2011-10-11T07:41:49","guid":{"rendered":"http:\/\/www.dodo.no\/?page_id=88"},"modified":"2011-11-30T10:52:52","modified_gmt":"2011-11-30T09:52:52","slug":"fakturabank-2","status":"publish","type":"page","link":"https:\/\/www.dodo.no\/?page_id=88","title":{"rendered":"fakturaBank"},"content":{"rendered":"<p>Spar penger og f\u00e5 en bedre oversikt over alle mottatte og sendte fakturaer.<br \/>\nDe kan leses p\u00e5 nett, men kan ogs\u00e5 lagres i PDF og\/eller skrives ut p\u00e5 papir.<\/p>\n<p>En utsteder legger sin faktura i Fakturabank, og mottaker kan hente den ned eller skrive ut fra samme sted. Regnskapssystemer som virker sammen med Fakturabank, kan gj\u00f8re dette automatisk; de kan sende til og hente fra Fakturabank. Dette gjelder selvf\u00f8lgelig for brukere av Lodo, men vi har ogs\u00e5 en integrasjonspakke for brukere av Mamut.<\/p>\n<p>Fakturabank sikrer i f\u00f8rste omgang at utsteder og mottaker av fakturaer kan automatisere sending og mottak ved at begge bruker samme kopi i Fakturabank.<br \/>\nI Fakturabank kan en fakturamottaker f\u00e5 betalingsinstruksjoner til sin bank, og han kan godkjenne dem for betaling bunkevis.<br \/>\nTilbakemeldingen fra banken vil matche betalinger og fakturaer direkte, slik at arbeidskrevende sporing og mapping unng\u00e5s.<\/p>\n<p>Fakturabank vil derfor frigj\u00f8re ressurser til un\u00f8dig papirarbeid og gi bedre oversikt over bedriftens pengeflyt.<\/p>\n<p>For mer info, se <a title=\"fakturaBank\" href=\"http:\/\/www.fakturabank.no\">fakturaBanks nettsider<\/a><\/p>\n","protected":false},"excerpt":{"rendered":"<p>Spar penger og f\u00e5 en bedre oversikt over alle mottatte og sendte fakturaer. De kan leses p\u00e5 nett, men kan ogs\u00e5 lagres i PDF og\/eller skrives ut p\u00e5 papir. En utsteder legger sin faktura i Fakturabank, og mottaker kan hente den ned eller skrive ut fra samme sted. Regnskapssystemer som virker sammen med Fakturabank, kan&#8230;<\/p>\n","protected":false},"author":1,"featured_media":0,"parent":0,"menu_order":0,"comment_status":"closed","ping_status":"open","template":"template-rightsidebar.php","meta":[],"_links":{"self":[{"href":"https:\/\/www.dodo.no\/index.php?rest_route=\/wp\/v2\/pages\/88"}],"collection":[{"href":"https:\/\/www.dodo.no\/index.php?rest_route=\/wp\/v2\/pages"}],"about":[{"href":"https:\/\/www.dodo.no\/index.php?rest_route=\/wp\/v2\/types\/page"}],"author":[{"embeddable":true,"href":"https:\/\/www.dodo.no\/index.php?rest_route=\/wp\/v2\/users\/1"}],"replies":[{"embeddable":true,"href":"https:\/\/www.dodo.no\/index.php?rest_route=%2Fwp%2Fv2%2Fcomments&post=88"}],"version-history":[{"count":10,"href":"https:\/\/www.dodo.no\/index.php?rest_route=\/wp\/v2\/pages\/88\/revisions"}],"predecessor-version":[{"id":197,"href":"https:\/\/www.dodo.no\/index.php?rest_route=\/wp\/v2\/pages\/88\/revisions\/197"}],"wp:attachment":[{"href":"https:\/\/www.dodo.no\/index.php?rest_route=%2Fwp%2Fv2%2Fmedia&parent=88"}],"curies":[{"name":"wp","href":"https:\/\/api.w.org\/{rel}","templated":true}]}}