{"id":90,"date":"2011-10-11T07:42:14","date_gmt":"2011-10-11T07:42:14","guid":{"rendered":"http:\/\/www.dodo.no\/?page_id=90"},"modified":"2011-11-30T08:28:02","modified_gmt":"2011-11-30T07:28:02","slug":"elektronisk-faktura-2","status":"publish","type":"page","link":"https:\/\/www.dodo.no\/?page_id=90","title":{"rendered":"Elektronisk faktura"},"content":{"rendered":"<p>Elektronisk handelsformat (EHF), er det nye formatet for faktura, kreditnota og purring som staten krever at offentlig sektor skal st\u00f8tte fra 1.juli 2011. Dette er et rent elektronisk XML-format.<br \/>\nVed bruk av dette standardformatet vil akt\u00f8rene kunne sende og motta dokumenter likt slik at dokumentflyten g\u00e5r mer smidig og etterarbeidet p\u00e5 kontrollsiden blir enklere.<\/p>\n<p><a href=\"http:\/\/www.lodo.no\" title=\"Lodo\">Lodo<\/a> og <a href=\"http:\/\/www.fakturabank.no\" title=\"fakturaBank\">fakturaBank<\/a> st\u00f8tter det nye formatet.<\/p>\n","protected":false},"excerpt":{"rendered":"<p>Elektronisk handelsformat (EHF), er det nye formatet for faktura, kreditnota og purring som staten krever at offentlig sektor skal st\u00f8tte fra 1.juli 2011. Dette er et rent elektronisk XML-format. Ved bruk av dette standardformatet vil akt\u00f8rene kunne sende og motta dokumenter likt slik at dokumentflyten g\u00e5r mer smidig og etterarbeidet p\u00e5 kontrollsiden blir enklere. Lodo&#8230;<\/p>\n","protected":false},"author":1,"featured_media":0,"parent":0,"menu_order":0,"comment_status":"closed","ping_status":"open","template":"template-rightsidebar.php","meta":[],"_links":{"self":[{"href":"https:\/\/www.dodo.no\/index.php?rest_route=\/wp\/v2\/pages\/90"}],"collection":[{"href":"https:\/\/www.dodo.no\/index.php?rest_route=\/wp\/v2\/pages"}],"about":[{"href":"https:\/\/www.dodo.no\/index.php?rest_route=\/wp\/v2\/types\/page"}],"author":[{"embeddable":true,"href":"https:\/\/www.dodo.no\/index.php?rest_route=\/wp\/v2\/users\/1"}],"replies":[{"embeddable":true,"href":"https:\/\/www.dodo.no\/index.php?rest_route=%2Fwp%2Fv2%2Fcomments&post=90"}],"version-history":[{"count":7,"href":"https:\/\/www.dodo.no\/index.php?rest_route=\/wp\/v2\/pages\/90\/revisions"}],"predecessor-version":[{"id":173,"href":"https:\/\/www.dodo.no\/index.php?rest_route=\/wp\/v2\/pages\/90\/revisions\/173"}],"wp:attachment":[{"href":"https:\/\/www.dodo.no\/index.php?rest_route=%2Fwp%2Fv2%2Fmedia&parent=90"}],"curies":[{"name":"wp","href":"https:\/\/api.w.org\/{rel}","templated":true}]}}